{"id":66,"date":"2018-07-22T19:08:15","date_gmt":"2018-07-22T19:08:15","guid":{"rendered":"http:\/\/qmdortmund.de\/?page_id=66"},"modified":"2018-10-21T18:31:48","modified_gmt":"2018-10-21T18:31:48","slug":"start","status":"publish","type":"page","link":"http:\/\/qmhartwig.de\/","title":{"rendered":"Warum Qualit\u00e4tsmanagement"},"content":{"rendered":"<p><img loading=\"lazy\" decoding=\"async\" class=\"wp-image-106 size-medium alignnone\" src=\"http:\/\/qmdortmund.de\/wp-content\/uploads\/2018\/08\/chuttersnap-233105-unsplash-300x200.jpg\" alt=\"\" width=\"300\" height=\"200\" srcset=\"http:\/\/qmhartwig.de\/wp-content\/uploads\/2018\/08\/chuttersnap-233105-unsplash-300x200.jpg 300w, http:\/\/qmhartwig.de\/wp-content\/uploads\/2018\/08\/chuttersnap-233105-unsplash-768x513.jpg 768w, http:\/\/qmhartwig.de\/wp-content\/uploads\/2018\/08\/chuttersnap-233105-unsplash-1024x684.jpg 1024w\" sizes=\"auto, (max-width: 300px) 100vw, 300px\" \/><\/p>\n<ul>\n<li><strong>Sie wollen mit Ihren Produkten und Dienstleistungen die Welt erobern?<\/strong><\/li>\n<\/ul>\n<p>Um sich als kleines oder mittelst\u00e4ndiges Unternehmen am Markt etablieren zu k\u00f6nnen, ist ein Qualit\u00e4tsmanagementsystem (QM-System) mittlerweile unerl\u00e4sslich. Es liegt im Pharma- und Medizinprodukteumfeld nicht nur die gesetzliche Anforderung sondern meist auch der Kundenwunsch nach einer Zertifizierung vor.<\/p>\n<ul>\n<li><strong>Alle Ihre Mitbewerber sind schon zertifiziert und Sie nicht?<\/strong><\/li>\n<\/ul>\n<p>Eine Zertifizierung nach DIN ISO 13485 ist Voraussetzung f\u00fcr den Markteintritt Ihres neuen Medizinproduktes. Die Qualit\u00e4t Ihres Produktes besteht nicht nur aus dem darin vorhandenem Know-How. Viel mehr steht die Verantwortung f\u00fcr ihr Produkt, die Produkthaftung, im Fokus.<\/p>\n<ul>\n<li>\n<div><strong>\u0097Sie brauchen einen kompetenten Partner, der Ihr QM-System aufsetzt und Ihnen die Arbeit abnimmt?<\/strong><\/div>\n<\/li>\n<\/ul>\n<p>Die Motivation und die Kapazit\u00e4ten ein solches System aus eigener Kraft aufzusetzen sind gering? Wer besch\u00e4ftigt sich schon gerne mit Normen?! Es gibt zwar ein breites Angebot von Schulungen, doch diese sind sehr allgemein gehalten und wenig individuell ausgerichtet. Ein prozessorientiertes QM-System unterst\u00fctzt Sie letztendlich wirtschaftlich: Planbare, rekonstruierbare Abl\u00e4ufe und Prozessoptimierung f\u00fcr Ihr Produkt oder Ihre Dienstleistung.<\/p>\n<p><strong>Deshalb: Kontaktieren Sie mich!<\/strong><\/p>\n","protected":false},"excerpt":{"rendered":"<p>Sie wollen mit Ihren Produkten und Dienstleistungen die Welt erobern? Um sich als kleines oder mittelst\u00e4ndiges Unternehmen am Markt etablieren zu k\u00f6nnen, ist ein Qualit\u00e4tsmanagementsystem (QM-System) mittlerweile unerl\u00e4sslich. Es liegt im Pharma- und Medizinprodukteumfeld nicht nur die gesetzliche Anforderung sondern meist auch der Kundenwunsch nach einer Zertifizierung vor. Alle Ihre Mitbewerber sind schon zertifiziert und &hellip; <\/p>\n<p class=\"link-more\"><a href=\"http:\/\/qmhartwig.de\/\" class=\"more-link\"><span class=\"screen-reader-text\">&#8222;Warum Qualit\u00e4tsmanagement&#8220;<\/span> weiterlesen<\/a><\/p>\n","protected":false},"author":1,"featured_media":0,"parent":0,"menu_order":0,"comment_status":"closed","ping_status":"closed","template":"","meta":{"footnotes":""},"class_list":["post-66","page","type-page","status-publish","hentry"],"_links":{"self":[{"href":"http:\/\/qmhartwig.de\/index.php?rest_route=\/wp\/v2\/pages\/66","targetHints":{"allow":["GET"]}}],"collection":[{"href":"http:\/\/qmhartwig.de\/index.php?rest_route=\/wp\/v2\/pages"}],"about":[{"href":"http:\/\/qmhartwig.de\/index.php?rest_route=\/wp\/v2\/types\/page"}],"author":[{"embeddable":true,"href":"http:\/\/qmhartwig.de\/index.php?rest_route=\/wp\/v2\/users\/1"}],"replies":[{"embeddable":true,"href":"http:\/\/qmhartwig.de\/index.php?rest_route=%2Fwp%2Fv2%2Fcomments&post=66"}],"version-history":[{"count":10,"href":"http:\/\/qmhartwig.de\/index.php?rest_route=\/wp\/v2\/pages\/66\/revisions"}],"predecessor-version":[{"id":138,"href":"http:\/\/qmhartwig.de\/index.php?rest_route=\/wp\/v2\/pages\/66\/revisions\/138"}],"wp:attachment":[{"href":"http:\/\/qmhartwig.de\/index.php?rest_route=%2Fwp%2Fv2%2Fmedia&parent=66"}],"curies":[{"name":"wp","href":"https:\/\/api.w.org\/{rel}","templated":true}]}}