{"id":11,"date":"2018-07-21T18:55:07","date_gmt":"2018-07-21T18:55:07","guid":{"rendered":"http:\/\/qmdortmund.de\/?page_id=11"},"modified":"2018-10-21T18:33:47","modified_gmt":"2018-10-21T18:33:47","slug":"vita","status":"publish","type":"page","link":"http:\/\/qmhartwig.de\/?page_id=11","title":{"rendered":"\u00dcber mich"},"content":{"rendered":"<p>&nbsp;<\/p>\n<p><strong><img loading=\"lazy\" decoding=\"async\" class=\"alignnone size-medium wp-image-133\" src=\"http:\/\/qmhartwig.de\/wp-content\/uploads\/2018\/10\/MG_2725-e1539540744952-200x300.jpg\" alt=\"\" width=\"200\" height=\"300\" srcset=\"http:\/\/qmhartwig.de\/wp-content\/uploads\/2018\/10\/MG_2725-e1539540744952-200x300.jpg 200w, http:\/\/qmhartwig.de\/wp-content\/uploads\/2018\/10\/MG_2725-e1539540744952-768x1152.jpg 768w, http:\/\/qmhartwig.de\/wp-content\/uploads\/2018\/10\/MG_2725-e1539540744952-683x1024.jpg 683w\" sizes=\"auto, (max-width: 200px) 100vw, 200px\" \/><\/strong><\/p>\n<p><strong>Dr. Silvia Hartwig<\/strong><\/p>\n<p>MSc Biochemie<\/p>\n<p>Ich biete mehrj\u00e4hrige Erfahrungen aus dem Pharma- und Medizinprodukteumfeld in den Bereichen Qualit\u00e4tssicherung und Qualit\u00e4tskontrolle. Hier liegen meine Schwerpunkte bei:<\/p>\n<ul>\n<li>internen Audits<\/li>\n<li>Lieferantenaudits<\/li>\n<li>Lieferantenqualifizierung<\/li>\n<li>CAPA-Management<\/li>\n<li>Abweichungs-Management<\/li>\n<li>Stabilit\u00e4tskontrolle<\/li>\n<\/ul>\n<p>Als Projektmanagerin von Lean Six Sigma Projekten optimiere ich Prozessabl\u00e4ufe \u00a0und gestalte sie kosteneffizient.<\/p>\n<p>&nbsp;<\/p>\n","protected":false},"excerpt":{"rendered":"<p>&nbsp; Dr. Silvia Hartwig MSc Biochemie Ich biete mehrj\u00e4hrige Erfahrungen aus dem Pharma- und Medizinprodukteumfeld in den Bereichen Qualit\u00e4tssicherung und Qualit\u00e4tskontrolle. Hier liegen meine Schwerpunkte bei: internen Audits Lieferantenaudits Lieferantenqualifizierung CAPA-Management Abweichungs-Management Stabilit\u00e4tskontrolle Als Projektmanagerin von Lean Six Sigma Projekten optimiere ich Prozessabl\u00e4ufe \u00a0und gestalte sie kosteneffizient. &nbsp;<\/p>\n","protected":false},"author":1,"featured_media":0,"parent":0,"menu_order":0,"comment_status":"closed","ping_status":"closed","template":"","meta":{"footnotes":""},"class_list":["post-11","page","type-page","status-publish","hentry"],"_links":{"self":[{"href":"http:\/\/qmhartwig.de\/index.php?rest_route=\/wp\/v2\/pages\/11","targetHints":{"allow":["GET"]}}],"collection":[{"href":"http:\/\/qmhartwig.de\/index.php?rest_route=\/wp\/v2\/pages"}],"about":[{"href":"http:\/\/qmhartwig.de\/index.php?rest_route=\/wp\/v2\/types\/page"}],"author":[{"embeddable":true,"href":"http:\/\/qmhartwig.de\/index.php?rest_route=\/wp\/v2\/users\/1"}],"replies":[{"embeddable":true,"href":"http:\/\/qmhartwig.de\/index.php?rest_route=%2Fwp%2Fv2%2Fcomments&post=11"}],"version-history":[{"count":9,"href":"http:\/\/qmhartwig.de\/index.php?rest_route=\/wp\/v2\/pages\/11\/revisions"}],"predecessor-version":[{"id":139,"href":"http:\/\/qmhartwig.de\/index.php?rest_route=\/wp\/v2\/pages\/11\/revisions\/139"}],"wp:attachment":[{"href":"http:\/\/qmhartwig.de\/index.php?rest_route=%2Fwp%2Fv2%2Fmedia&parent=11"}],"curies":[{"name":"wp","href":"https:\/\/api.w.org\/{rel}","templated":true}]}}